{"id":98,"date":"2020-02-26T17:58:35","date_gmt":"2020-02-26T17:58:35","guid":{"rendered":"https:\/\/kronvent.ro\/?page_id=98"},"modified":"2024-02-16T12:37:48","modified_gmt":"2024-02-16T12:37:48","slug":"proiecte-ventilatie","status":"publish","type":"page","link":"https:\/\/kronvent.ro\/en\/proiecte-ventilatie\/","title":{"rendered":"Ventilation projects"},"content":{"rendered":"","protected":false},"excerpt":{"rendered":"","protected":false},"author":3,"featured_media":0,"parent":0,"menu_order":0,"comment_status":"closed","ping_status":"closed","template":"templates\/proiecte-ventilatie.php","meta":{"footnotes":""},"yoast_head":"<!-- This site is optimized with the Yoast SEO plugin v22.0 - https:\/\/yoast.com\/wordpress\/plugins\/seo\/ -->\n<title>Proiecte Ventila\u021bie | Kronvent<\/title>\n<meta name=\"description\" content=\"Produc\u0103tor tubulatur\u0103 ventila\u021bie circular\u0103 \u0219i rectangular\u0103, cu proiecte ventilatie impresionante din RO \u0219i UE, care au adus schimb\u0103ri \u00een calitatea aerului.\" \/>\n<meta name=\"robots\" content=\"index, follow, max-snippet:-1, max-image-preview:large, max-video-preview:-1\" \/>\n<link rel=\"canonical\" href=\"https:\/\/kronvent.ro\/en\/proiecte-ventilatie\/\" \/>\n<meta property=\"og:locale\" content=\"en_US\" \/>\n<meta property=\"og:type\" content=\"article\" \/>\n<meta property=\"og:title\" content=\"Proiecte Ventila\u021bie | Kronvent\" \/>\n<meta property=\"og:description\" content=\"Produc\u0103tor tubulatur\u0103 ventila\u021bie circular\u0103 \u0219i rectangular\u0103, cu proiecte ventilatie impresionante din RO \u0219i UE, care au adus schimb\u0103ri \u00een calitatea aerului.\" \/>\n<meta property=\"og:url\" content=\"https:\/\/kronvent.ro\/en\/proiecte-ventilatie\/\" \/>\n<meta property=\"og:site_name\" content=\"Kronvent\" \/>\n<meta property=\"article:modified_time\" content=\"2024-02-16T12:37:48+00:00\" \/>\n<meta name=\"twitter:card\" content=\"summary_large_image\" \/>\n<script type=\"application\/ld+json\" class=\"yoast-schema-graph\">{\"@context\":\"https:\/\/schema.org\",\"@graph\":[{\"@type\":\"WebPage\",\"@id\":\"https:\/\/kronvent.ro\/proiecte-ventilatie\/\",\"url\":\"https:\/\/kronvent.ro\/proiecte-ventilatie\/\",\"name\":\"Proiecte Ventila\u021bie | Kronvent\",\"isPartOf\":{\"@id\":\"https:\/\/kronvent.ro\/#website\"},\"datePublished\":\"2020-02-26T17:58:35+00:00\",\"dateModified\":\"2024-02-16T12:37:48+00:00\",\"description\":\"Produc\u0103tor tubulatur\u0103 ventila\u021bie circular\u0103 \u0219i rectangular\u0103, cu proiecte ventilatie impresionante din RO \u0219i UE, care au adus schimb\u0103ri \u00een calitatea aerului.\",\"breadcrumb\":{\"@id\":\"https:\/\/kronvent.ro\/proiecte-ventilatie\/#breadcrumb\"},\"inLanguage\":\"en-US\",\"potentialAction\":[{\"@type\":\"ReadAction\",\"target\":[\"https:\/\/kronvent.ro\/proiecte-ventilatie\/\"]}]},{\"@type\":\"BreadcrumbList\",\"@id\":\"https:\/\/kronvent.ro\/proiecte-ventilatie\/#breadcrumb\",\"itemListElement\":[{\"@type\":\"ListItem\",\"position\":1,\"name\":\"Prima pagin\u0103\",\"item\":\"https:\/\/kronvent.ro\/\"},{\"@type\":\"ListItem\",\"position\":2,\"name\":\"Proiecte Ventila\u021bie\"}]},{\"@type\":\"WebSite\",\"@id\":\"https:\/\/kronvent.ro\/#website\",\"url\":\"https:\/\/kronvent.ro\/\",\"name\":\"Kronvent\",\"description\":\"Producator TUBULATUR\u0102 VENTILA\u021aIE din Bra\u015fov  cu o capacitate de p\u00e2n\u0103 la 25,000 de mp\/lun\u0103\",\"publisher\":{\"@id\":\"https:\/\/kronvent.ro\/#organization\"},\"potentialAction\":[{\"@type\":\"SearchAction\",\"target\":{\"@type\":\"EntryPoint\",\"urlTemplate\":\"https:\/\/kronvent.ro\/?s={search_term_string}\"},\"query-input\":\"required name=search_term_string\"}],\"inLanguage\":\"en-US\"},{\"@type\":\"Organization\",\"@id\":\"https:\/\/kronvent.ro\/#organization\",\"name\":\"Kronvent\",\"url\":\"https:\/\/kronvent.ro\/\",\"logo\":{\"@type\":\"ImageObject\",\"inLanguage\":\"en-US\",\"@id\":\"https:\/\/kronvent.ro\/#\/schema\/logo\/image\/\",\"url\":\"https:\/\/kronvent.ro\/wp-content\/uploads\/2020\/02\/logo.png\",\"contentUrl\":\"https:\/\/kronvent.ro\/wp-content\/uploads\/2020\/02\/logo.png\",\"width\":485,\"height\":82,\"caption\":\"Kronvent\"},\"image\":{\"@id\":\"https:\/\/kronvent.ro\/#\/schema\/logo\/image\/\"}}]}<\/script>\n<!-- \/ Yoast SEO plugin. -->","yoast_head_json":{"title":"Proiecte Ventila\u021bie | Kronvent","description":"Produc\u0103tor tubulatur\u0103 ventila\u021bie circular\u0103 \u0219i rectangular\u0103, cu proiecte ventilatie impresionante din RO \u0219i UE, care au adus schimb\u0103ri \u00een calitatea aerului.","robots":{"index":"index","follow":"follow","max-snippet":"max-snippet:-1","max-image-preview":"max-image-preview:large","max-video-preview":"max-video-preview:-1"},"canonical":"https:\/\/kronvent.ro\/en\/proiecte-ventilatie\/","og_locale":"en_US","og_type":"article","og_title":"Proiecte Ventila\u021bie | Kronvent","og_description":"Produc\u0103tor tubulatur\u0103 ventila\u021bie circular\u0103 \u0219i rectangular\u0103, cu proiecte ventilatie impresionante din RO \u0219i UE, care au adus schimb\u0103ri \u00een calitatea aerului.","og_url":"https:\/\/kronvent.ro\/en\/proiecte-ventilatie\/","og_site_name":"Kronvent","article_modified_time":"2024-02-16T12:37:48+00:00","twitter_card":"summary_large_image","schema":{"@context":"https:\/\/schema.org","@graph":[{"@type":"WebPage","@id":"https:\/\/kronvent.ro\/proiecte-ventilatie\/","url":"https:\/\/kronvent.ro\/proiecte-ventilatie\/","name":"Proiecte Ventila\u021bie | Kronvent","isPartOf":{"@id":"https:\/\/kronvent.ro\/#website"},"datePublished":"2020-02-26T17:58:35+00:00","dateModified":"2024-02-16T12:37:48+00:00","description":"Produc\u0103tor tubulatur\u0103 ventila\u021bie circular\u0103 \u0219i rectangular\u0103, cu proiecte ventilatie impresionante din RO \u0219i UE, care au adus schimb\u0103ri \u00een calitatea aerului.","breadcrumb":{"@id":"https:\/\/kronvent.ro\/proiecte-ventilatie\/#breadcrumb"},"inLanguage":"en-US","potentialAction":[{"@type":"ReadAction","target":["https:\/\/kronvent.ro\/proiecte-ventilatie\/"]}]},{"@type":"BreadcrumbList","@id":"https:\/\/kronvent.ro\/proiecte-ventilatie\/#breadcrumb","itemListElement":[{"@type":"ListItem","position":1,"name":"Prima pagin\u0103","item":"https:\/\/kronvent.ro\/"},{"@type":"ListItem","position":2,"name":"Proiecte Ventila\u021bie"}]},{"@type":"WebSite","@id":"https:\/\/kronvent.ro\/#website","url":"https:\/\/kronvent.ro\/","name":"Kronvent","description":"Producator TUBULATUR\u0102 VENTILA\u021aIE din Bra\u015fov  cu o capacitate de p\u00e2n\u0103 la 25,000 de mp\/lun\u0103","publisher":{"@id":"https:\/\/kronvent.ro\/#organization"},"potentialAction":[{"@type":"SearchAction","target":{"@type":"EntryPoint","urlTemplate":"https:\/\/kronvent.ro\/?s={search_term_string}"},"query-input":"required name=search_term_string"}],"inLanguage":"en-US"},{"@type":"Organization","@id":"https:\/\/kronvent.ro\/#organization","name":"Kronvent","url":"https:\/\/kronvent.ro\/","logo":{"@type":"ImageObject","inLanguage":"en-US","@id":"https:\/\/kronvent.ro\/#\/schema\/logo\/image\/","url":"https:\/\/kronvent.ro\/wp-content\/uploads\/2020\/02\/logo.png","contentUrl":"https:\/\/kronvent.ro\/wp-content\/uploads\/2020\/02\/logo.png","width":485,"height":82,"caption":"Kronvent"},"image":{"@id":"https:\/\/kronvent.ro\/#\/schema\/logo\/image\/"}}]}},"_links":{"self":[{"href":"https:\/\/kronvent.ro\/en\/wp-json\/wp\/v2\/pages\/98"}],"collection":[{"href":"https:\/\/kronvent.ro\/en\/wp-json\/wp\/v2\/pages"}],"about":[{"href":"https:\/\/kronvent.ro\/en\/wp-json\/wp\/v2\/types\/page"}],"author":[{"embeddable":true,"href":"https:\/\/kronvent.ro\/en\/wp-json\/wp\/v2\/users\/3"}],"replies":[{"embeddable":true,"href":"https:\/\/kronvent.ro\/en\/wp-json\/wp\/v2\/comments?post=98"}],"version-history":[{"count":1,"href":"https:\/\/kronvent.ro\/en\/wp-json\/wp\/v2\/pages\/98\/revisions"}],"predecessor-version":[{"id":99,"href":"https:\/\/kronvent.ro\/en\/wp-json\/wp\/v2\/pages\/98\/revisions\/99"}],"wp:attachment":[{"href":"https:\/\/kronvent.ro\/en\/wp-json\/wp\/v2\/media?parent=98"}],"curies":[{"name":"wp","href":"https:\/\/api.w.org\/{rel}","templated":true}]}}