{"id":801,"date":"2021-02-05T13:29:08","date_gmt":"2021-02-05T13:29:08","guid":{"rendered":"https:\/\/kronvent.ro\/?page_id=801"},"modified":"2024-02-16T12:37:54","modified_gmt":"2024-02-16T12:37:54","slug":"producator-tubulatura-fabrica-kronvent","status":"publish","type":"page","link":"https:\/\/kronvent.ro\/en\/producator-tubulatura-fabrica-kronvent\/","title":{"rendered":"KronVent veltilation duct manufacturer"},"content":{"rendered":"<p>The story of the KRONVENT factory began in 2015, when clean air in indoor spaces became a necessity for establishing a pleasant and comfortable environment. <\/p>\n\n\n\n<p>This fact led us to come up with ingenious solutions to change the climate inside large-scale buildings and to bring immediate benefits to customers in Romania<\/p>\n\n\n\n<h2 class=\"wp-block-heading\">Ventilation ducts manufacturing<\/h2>\n\n\n\n<p>The main field of our activity is <strong>the production of circular and rectangular ventilation ducts made of galvanized metal sheet<\/strong>. <\/p>\n\n\n\n<p>Through the experience gained in years of our activity the KRONVENT factory has a diversified range of products and services designed to satisfy increasingly challenging requirements which helped us to obtain an impressive portfolio of customers.<\/p>\n\n\n\n<p>Our mission is to constantly improve the quality of breathing air inside any large space by using our ventilation systems produced with the most advanced technology in the field.<\/p>\n\n\n\n<figure class=\"wp-block-image size-large\"><img decoding=\"async\" width=\"1024\" height=\"719\" src=\"https:\/\/kronvent.ro\/wp-content\/uploads\/2023\/02\/20211101_102807-2-1024x719.jpg\" alt=\"\" class=\"wp-image-1008\" srcset=\"https:\/\/kronvent.ro\/wp-content\/uploads\/2023\/02\/20211101_102807-2-1024x719.jpg 1024w, https:\/\/kronvent.ro\/wp-content\/uploads\/2023\/02\/20211101_102807-2-300x211.jpg 300w, https:\/\/kronvent.ro\/wp-content\/uploads\/2023\/02\/20211101_102807-2-768x539.jpg 768w, https:\/\/kronvent.ro\/wp-content\/uploads\/2023\/02\/20211101_102807-2-1536x1078.jpg 1536w, https:\/\/kronvent.ro\/wp-content\/uploads\/2023\/02\/20211101_102807-2-2048x1437.jpg 2048w\" sizes=\"(max-width: 1024px) 100vw, 1024px\" \/><\/figure>\n\n\n\n<h2 class=\"wp-block-heading\">The production capacity is 25,000 sqm\/month<\/h2>\n\n\n\n<p>Our factory is strategically located <strong>in the center of Romania, in Brasov<\/strong>, from where we can maintain an efficient connection with each client of KRONVENT products and services. <\/p>\n\n\n\n<p>Our production is based on high-quality raw materials, and the production lines have an extraordinary capacity of up to 25,000 sqm\/month. <\/p>\n\n\n\n<p>We use the last generation high-performance machines of the leading companies in the field of ventilation systems, SPIRO and FIRMAC.<\/p>\n\n\n\n<p>It provide us with a productive work environment, where the quality of our results is guaranteed both by the resources we have and by our production staff.<\/p>\n\n\n\n<figure class=\"wp-block-video\"><video autoplay controls loop poster=\"https:\/\/kronvent.ro\/wp-content\/uploads\/2020\/02\/fabrica.jpg\" src=\"https:\/\/kronvent.ro\/wp-content\/uploads\/2020\/02\/intro.mov\"><\/video><\/figure>\n\n\n\n<p>We are proud of a team of professionals, who through their enthusiasm and professionalism have gained admiration in our company. Their promptness, perseverance and craftsmanship are just a few basic characteristics through which our factory has managed to bring added value in the field of ventilation systems to the Romanian market. <\/p>\n\n\n\n<p>Although we are a young company, the professional experience accumulated by the specialists of the KRONVENT factory in HVAC ventilation systems has allowed us to enjoy an impressive portfolio of <a href=\"https:\/\/kronvent.ro\/en\/proiecte-ventilatie\/\" target=\"_blank\" rel=\"noreferrer noopener\">large-scale projects<\/a>, which brought obvious changes in the air quality in the indoor premises.<\/p>\n\n\n\n<p>The efforts of the KRONVENT factory are focused on understanding the needs of our customers as well as possible, in order to be sure that we offer the most effective technical and practical solutions for the ventilation projects we carry out.<\/p>\n\n\n\n<figure class=\"wp-block-image size-large\"><img decoding=\"async\" width=\"1024\" height=\"584\" src=\"https:\/\/kronvent.ro\/wp-content\/uploads\/2023\/02\/20211101_102522-2-1024x584.jpg\" alt=\"\" class=\"wp-image-1011\" srcset=\"https:\/\/kronvent.ro\/wp-content\/uploads\/2023\/02\/20211101_102522-2-1024x584.jpg 1024w, https:\/\/kronvent.ro\/wp-content\/uploads\/2023\/02\/20211101_102522-2-300x171.jpg 300w, https:\/\/kronvent.ro\/wp-content\/uploads\/2023\/02\/20211101_102522-2-768x438.jpg 768w, https:\/\/kronvent.ro\/wp-content\/uploads\/2023\/02\/20211101_102522-2-1536x876.jpg 1536w, https:\/\/kronvent.ro\/wp-content\/uploads\/2023\/02\/20211101_102522-2-2048x1168.jpg 2048w\" sizes=\"(max-width: 1024px) 100vw, 1024px\" \/><\/figure>\n\n\n\n<h2 class=\"wp-block-heading\">KRONVENT's certified ventilation systems<\/h2>\n\n\n\n<p>Because we appreciate the quality of our products and services, <a href=\"https:\/\/kronvent.ro\/en\/categorii-produse\/tubulatura-circulara\/\" target=\"_blank\" rel=\"noreferrer noopener\">our circular ventilation systems<\/a> are certified by SPIRO\u00aesystems and correspond to the tightness standards of class D, confirmed by <strong>SR EN 12237<\/strong>. <\/p>\n\n\n\n<p>In case of <a href=\"https:\/\/kronvent.ro\/en\/categorii-produse\/tubulatura-rectangulara\/\" target=\"_blank\" rel=\"noreferrer noopener\">rectangular ducts<\/a>, produced on FIRMAC production lines, all the pieces are equipped with an integrated flange, which makes the ventilation system more efficient both in terms of tightness, durability and ease of installation.<\/p>\n\n\n\n<p>Through our certifications, <strong>SR EN ISO 9001, SR EN ISO 14001 \u0219i SR OHSAS 18001<\/strong>, dovedim preocuparea continu\u0103 a companiei KRONVENT pentru garantarea calit\u0103\u021bii produselor, neafect\u00e2nd mediul \u00eenconjur\u0103tor \u0219i asigur\u00e2nd, \u00een acela\u0219i timp, s\u0103n\u0103tatea \u0219i securitatea muncii noastre.<\/p>\n\n\n\n<p>These are just some of defining points, which represent our way of working and the enthusiasm we dedicate to our work. <\/p>\n\n\n\n<p>Fabrica KRONVENT ofer\u0103 prospe\u021bimea aerului curat \u00een spa\u021biul dumneavoastr\u0103!<\/p>","protected":false},"excerpt":{"rendered":"<p>Povestea fabricii KRONVENT a \u00eenceput \u00een 2015, c\u00e2nd aerul curat din spa\u021biile interioare a devenit o necesitate pentru stabilirea unui mediu pl\u0103cut \u0219i confortabil. Acest fapt ne-a determinat s\u0103 venim cu solu\u021bii ingenioase pentru a schimba climatul din interiorul construc\u021biilor de amploare \u0219i pentru a aduce beneficii imediate clien\u021bilor din Rom\u00e2nia. Produc\u0103tor tubulatur\u0103 ventila\u021bie Domeniul [&hellip;]<\/p>","protected":false},"author":3,"featured_media":0,"parent":0,"menu_order":0,"comment_status":"closed","ping_status":"closed","template":"templates\/fabrica.php","meta":{"footnotes":""},"yoast_head":"<!-- This site is optimized with the Yoast SEO plugin v22.0 - https:\/\/yoast.com\/wordpress\/plugins\/seo\/ -->\n<title>Produc\u0103tor Tubulatur\u0103 din Bra\u0219ov - Fabrica KronVent<\/title>\n<meta name=\"description\" content=\"Fabrica Kronvent cu capacitatea de produc\u021bie de 25.000 mp\/lun\u0103, produce tubulaturi de ventila\u021bie circulare \u0219i rectangulare.\" \/>\n<meta name=\"robots\" content=\"index, follow, max-snippet:-1, max-image-preview:large, max-video-preview:-1\" \/>\n<link rel=\"canonical\" href=\"https:\/\/kronvent.ro\/en\/producator-tubulatura-fabrica-kronvent\/\" \/>\n<meta property=\"og:locale\" content=\"en_US\" \/>\n<meta property=\"og:type\" content=\"article\" \/>\n<meta property=\"og:title\" content=\"Produc\u0103tor Tubulatur\u0103 din Bra\u0219ov - Fabrica KronVent\" \/>\n<meta property=\"og:description\" content=\"Fabrica Kronvent cu capacitatea de produc\u021bie de 25.000 mp\/lun\u0103, produce tubulaturi de ventila\u021bie circulare \u0219i rectangulare.\" \/>\n<meta property=\"og:url\" content=\"https:\/\/kronvent.ro\/en\/producator-tubulatura-fabrica-kronvent\/\" \/>\n<meta property=\"og:site_name\" content=\"Kronvent\" \/>\n<meta property=\"article:modified_time\" content=\"2024-02-16T12:37:54+00:00\" \/>\n<meta property=\"og:image\" content=\"https:\/\/kronvent.ro\/wp-content\/uploads\/2023\/02\/20211101_102807-2-1024x719.jpg\" \/>\n<meta name=\"twitter:card\" content=\"summary_large_image\" \/>\n<meta name=\"twitter:label1\" content=\"Est. reading time\" \/>\n\t<meta name=\"twitter:data1\" content=\"3 minutes\" \/>\n<script type=\"application\/ld+json\" class=\"yoast-schema-graph\">{\"@context\":\"https:\/\/schema.org\",\"@graph\":[{\"@type\":\"WebPage\",\"@id\":\"https:\/\/kronvent.ro\/producator-tubulatura-fabrica-kronvent\/\",\"url\":\"https:\/\/kronvent.ro\/producator-tubulatura-fabrica-kronvent\/\",\"name\":\"Produc\u0103tor Tubulatur\u0103 din Bra\u0219ov - Fabrica KronVent\",\"isPartOf\":{\"@id\":\"https:\/\/kronvent.ro\/#website\"},\"datePublished\":\"2021-02-05T13:29:08+00:00\",\"dateModified\":\"2024-02-16T12:37:54+00:00\",\"description\":\"Fabrica Kronvent cu capacitatea de produc\u021bie de 25.000 mp\/lun\u0103, produce tubulaturi de ventila\u021bie circulare \u0219i rectangulare.\",\"breadcrumb\":{\"@id\":\"https:\/\/kronvent.ro\/producator-tubulatura-fabrica-kronvent\/#breadcrumb\"},\"inLanguage\":\"en-US\",\"potentialAction\":[{\"@type\":\"ReadAction\",\"target\":[\"https:\/\/kronvent.ro\/producator-tubulatura-fabrica-kronvent\/\"]}]},{\"@type\":\"BreadcrumbList\",\"@id\":\"https:\/\/kronvent.ro\/producator-tubulatura-fabrica-kronvent\/#breadcrumb\",\"itemListElement\":[{\"@type\":\"ListItem\",\"position\":1,\"name\":\"Prima pagin\u0103\",\"item\":\"https:\/\/kronvent.ro\/\"},{\"@type\":\"ListItem\",\"position\":2,\"name\":\"Produc\u0103tor Tubulatur\u0103 Fabrica KronVent\"}]},{\"@type\":\"WebSite\",\"@id\":\"https:\/\/kronvent.ro\/#website\",\"url\":\"https:\/\/kronvent.ro\/\",\"name\":\"Kronvent\",\"description\":\"Producator TUBULATUR\u0102 VENTILA\u021aIE din Bra\u015fov  cu o capacitate de p\u00e2n\u0103 la 25,000 de mp\/lun\u0103\",\"publisher\":{\"@id\":\"https:\/\/kronvent.ro\/#organization\"},\"potentialAction\":[{\"@type\":\"SearchAction\",\"target\":{\"@type\":\"EntryPoint\",\"urlTemplate\":\"https:\/\/kronvent.ro\/?s={search_term_string}\"},\"query-input\":\"required name=search_term_string\"}],\"inLanguage\":\"en-US\"},{\"@type\":\"Organization\",\"@id\":\"https:\/\/kronvent.ro\/#organization\",\"name\":\"Kronvent\",\"url\":\"https:\/\/kronvent.ro\/\",\"logo\":{\"@type\":\"ImageObject\",\"inLanguage\":\"en-US\",\"@id\":\"https:\/\/kronvent.ro\/#\/schema\/logo\/image\/\",\"url\":\"https:\/\/kronvent.ro\/wp-content\/uploads\/2020\/02\/logo.png\",\"contentUrl\":\"https:\/\/kronvent.ro\/wp-content\/uploads\/2020\/02\/logo.png\",\"width\":485,\"height\":82,\"caption\":\"Kronvent\"},\"image\":{\"@id\":\"https:\/\/kronvent.ro\/#\/schema\/logo\/image\/\"}}]}<\/script>\n<!-- \/ Yoast SEO plugin. -->","yoast_head_json":{"title":"Produc\u0103tor Tubulatur\u0103 din Bra\u0219ov - Fabrica KronVent","description":"Fabrica Kronvent cu capacitatea de produc\u021bie de 25.000 mp\/lun\u0103, produce tubulaturi de ventila\u021bie circulare \u0219i rectangulare.","robots":{"index":"index","follow":"follow","max-snippet":"max-snippet:-1","max-image-preview":"max-image-preview:large","max-video-preview":"max-video-preview:-1"},"canonical":"https:\/\/kronvent.ro\/en\/producator-tubulatura-fabrica-kronvent\/","og_locale":"en_US","og_type":"article","og_title":"Produc\u0103tor Tubulatur\u0103 din Bra\u0219ov - Fabrica KronVent","og_description":"Fabrica Kronvent cu capacitatea de produc\u021bie de 25.000 mp\/lun\u0103, produce tubulaturi de ventila\u021bie circulare \u0219i rectangulare.","og_url":"https:\/\/kronvent.ro\/en\/producator-tubulatura-fabrica-kronvent\/","og_site_name":"Kronvent","article_modified_time":"2024-02-16T12:37:54+00:00","og_image":[{"url":"https:\/\/kronvent.ro\/wp-content\/uploads\/2023\/02\/20211101_102807-2-1024x719.jpg"}],"twitter_card":"summary_large_image","twitter_misc":{"Est. reading time":"3 minutes"},"schema":{"@context":"https:\/\/schema.org","@graph":[{"@type":"WebPage","@id":"https:\/\/kronvent.ro\/producator-tubulatura-fabrica-kronvent\/","url":"https:\/\/kronvent.ro\/producator-tubulatura-fabrica-kronvent\/","name":"Produc\u0103tor Tubulatur\u0103 din Bra\u0219ov - Fabrica KronVent","isPartOf":{"@id":"https:\/\/kronvent.ro\/#website"},"datePublished":"2021-02-05T13:29:08+00:00","dateModified":"2024-02-16T12:37:54+00:00","description":"Fabrica Kronvent cu capacitatea de produc\u021bie de 25.000 mp\/lun\u0103, produce tubulaturi de ventila\u021bie circulare \u0219i rectangulare.","breadcrumb":{"@id":"https:\/\/kronvent.ro\/producator-tubulatura-fabrica-kronvent\/#breadcrumb"},"inLanguage":"en-US","potentialAction":[{"@type":"ReadAction","target":["https:\/\/kronvent.ro\/producator-tubulatura-fabrica-kronvent\/"]}]},{"@type":"BreadcrumbList","@id":"https:\/\/kronvent.ro\/producator-tubulatura-fabrica-kronvent\/#breadcrumb","itemListElement":[{"@type":"ListItem","position":1,"name":"Prima pagin\u0103","item":"https:\/\/kronvent.ro\/"},{"@type":"ListItem","position":2,"name":"Produc\u0103tor Tubulatur\u0103 Fabrica KronVent"}]},{"@type":"WebSite","@id":"https:\/\/kronvent.ro\/#website","url":"https:\/\/kronvent.ro\/","name":"Kronvent","description":"Producator TUBULATUR\u0102 VENTILA\u021aIE din Bra\u015fov  cu o capacitate de p\u00e2n\u0103 la 25,000 de mp\/lun\u0103","publisher":{"@id":"https:\/\/kronvent.ro\/#organization"},"potentialAction":[{"@type":"SearchAction","target":{"@type":"EntryPoint","urlTemplate":"https:\/\/kronvent.ro\/?s={search_term_string}"},"query-input":"required name=search_term_string"}],"inLanguage":"en-US"},{"@type":"Organization","@id":"https:\/\/kronvent.ro\/#organization","name":"Kronvent","url":"https:\/\/kronvent.ro\/","logo":{"@type":"ImageObject","inLanguage":"en-US","@id":"https:\/\/kronvent.ro\/#\/schema\/logo\/image\/","url":"https:\/\/kronvent.ro\/wp-content\/uploads\/2020\/02\/logo.png","contentUrl":"https:\/\/kronvent.ro\/wp-content\/uploads\/2020\/02\/logo.png","width":485,"height":82,"caption":"Kronvent"},"image":{"@id":"https:\/\/kronvent.ro\/#\/schema\/logo\/image\/"}}]}},"_links":{"self":[{"href":"https:\/\/kronvent.ro\/en\/wp-json\/wp\/v2\/pages\/801"}],"collection":[{"href":"https:\/\/kronvent.ro\/en\/wp-json\/wp\/v2\/pages"}],"about":[{"href":"https:\/\/kronvent.ro\/en\/wp-json\/wp\/v2\/types\/page"}],"author":[{"embeddable":true,"href":"https:\/\/kronvent.ro\/en\/wp-json\/wp\/v2\/users\/3"}],"replies":[{"embeddable":true,"href":"https:\/\/kronvent.ro\/en\/wp-json\/wp\/v2\/comments?post=801"}],"version-history":[{"count":7,"href":"https:\/\/kronvent.ro\/en\/wp-json\/wp\/v2\/pages\/801\/revisions"}],"predecessor-version":[{"id":1036,"href":"https:\/\/kronvent.ro\/en\/wp-json\/wp\/v2\/pages\/801\/revisions\/1036"}],"wp:attachment":[{"href":"https:\/\/kronvent.ro\/en\/wp-json\/wp\/v2\/media?parent=801"}],"curies":[{"name":"wp","href":"https:\/\/api.w.org\/{rel}","templated":true}]}}