{"id":3,"date":"2020-02-25T19:02:18","date_gmt":"2020-02-25T19:02:18","guid":{"rendered":"https:\/\/kronvent.ro\/?page_id=3"},"modified":"2024-02-16T12:38:06","modified_gmt":"2024-02-16T12:38:06","slug":"politica-de-confidentialitate","status":"publish","type":"page","link":"https:\/\/kronvent.ro\/en\/politica-de-confidentialitate\/","title":{"rendered":"Politic\u0103 de confiden\u021bialitate"},"content":{"rendered":"<h2 class=\"wp-block-heading\">DECLARA\u021aIE PRIVIND PROTEC\u021aIA DATELOR LA UTILIZAREA SITE-ULUI WEB<\/h2>\n\n\n\n<p>Prezenta declara\u021bie privind protec\u021bia datelor la utilizarea site-ului web descrie modul \u00een care Kronvent E.B. Group S.R.L. Bra\u0219ov, str. Calea Feldioarei nr. 75C &#8211; 500483 (&#8222;Kronvent&#8221;, &#8222;noi&#8221;), \u00een calitate de operator prelucreaz\u0103\/prelucr\u0103m datele cu caracter personal sau alte informa\u021bii ale dvs., \u00een special \u00een sensul Regulamentului general privind protec\u021bia datelor cu caracter personal (\u201eRGPD\u201d) la utilizarea site-ului web <a href=\"https:\/\/rou.sika.com\/\">https:\/\/<\/a>kronvent.ro (\u201esite web\u201d).<\/p>\n\n\n\n<h3 class=\"wp-block-heading\">1. CATEGORIILE DE DATE CU CARACTER PERSONAL, SCOPURILE PRELUCR\u0102RII, TEMEIUL JURIDIC \u0218I SURSA<\/h3>\n\n\n\n<p><em>a. Date cu caracter personal furnizate de dvs. \u00een mod activ:<\/em><\/p>\n\n\n\n<p>La crearea unui cont de utilizator pe site-ul nostru web vi se va solicita furnizarea urm\u0103toarelor date cu caracter personal: numele, adresa po\u0219tal\u0103, adresa de e-mail, parola selectat\u0103. Kronvent prelucreaz\u0103 aceste date cu caracter personal pentru a v\u0103 furniza serviciile noastre. Furnizarea acestor date cu caracter personal este voluntar\u0103. Cu toate acestea, \u00een cazul nefurniz\u0103rii acestor date cu caracter personal, nu ve\u021bi putea crea un cont de utilizator. Temeiul juridic al prelucr\u0103rii acestor date cu caracter personal este contractul de utilizare a site-ului web \u00eencheiat cu dvs. [art. 6 alin. (1) lit. b) RGPD].<\/p>\n\n\n\n<p>Dac\u0103 v\u0103 abona\u021bi la buletinul informativ \u0219i sunte\u021bi de acord cu primirea buletinelor informative \u0219i prelucrarea adresei dvs. de e-mail \u00een acest scop, vi se va solicita furnizarea adresei de e-mail. Vom utiliza adresa dvs. de e-mail pentru trimiterea periodic\u0103 a buletinelor informative. Furnizarea adresei dvs. de e-mail este voluntar\u0103. Cu toate acestea, \u00een cazul nefurniz\u0103rii adresei dvs. de e-mail nu ve\u021bi primi buletine informative. Temeiul juridic al prelucr\u0103rii datelor cu caracter personal pentru trimiterea buletinelor informative este reprezentat de consim\u021b\u0103m\u00e2nt [art. 6 alin. (1) lit. a) RGPD].<\/p>\n\n\n\n<p><em>b. Alte informa\u021bii colectate \u00een mod pasiv:<\/em><\/p>\n\n\n\n<p>\u00cen plus fa\u021b\u0103 de datele cu caracter personal pe care le furniza\u021bi \u00een mod activ, site-ul web poate colecta automat, prelucra \u0219i stoca anumite informa\u021bii, pe baz\u0103 de pseudonim, de la dvs.:&nbsp;&nbsp;&nbsp;<\/p>\n\n\n\n<ul><li>informa\u021bii privind dispozitivul \u0219i utilizarea \u2013 acestea pot include (1) informa\u021bii specifice privind dispozitivul utilizat pentru accesarea site-ului web (inclusiv, dar f\u0103r\u0103 a se limita la model, sistem de operare, adres\u0103 IP, limb\u0103, operator \u0219i alte informa\u021bii similare) \u0219i (2) informa\u021bii privind utilizarea caracteristicilor, func\u021biilor sau notific\u0103rilor dispozitivului pentru a v\u0103 recunoa\u0219te \u0219i analiza tendin\u021bele;<\/li><li>analiza site-ului web \u2013 de exemplu, c\u00e2t de des un utilizator folose\u0219te site-ul web, utilizare agregat\u0103, date privind performan\u021ba. Utiliz\u0103m instrumente de analiz\u0103 a site-ului web pentru a \u00een\u021belege mai bine func\u021bionalitatea \u0219i utilizarea site-ului nostru web.<br>Temeiul juridic pentru aceasta este reprezentat de interesele noastre legitime [art. 6 alin. (1) lit. f) RGPD] care sunt urm\u0103toarele: monitorizarea \u0219i men\u021binerea performan\u021bei site-ului web \u0219i analiza tendin\u021belor, utiliz\u0103rii \u0219i activit\u0103\u021bilor \u00een leg\u0103tur\u0103 cu site-ul nostru web.<\/li><\/ul>\n\n\n\n<h3 class=\"wp-block-heading\">2. DESTINATARII<\/h3>\n\n\n\n<p><em>a. Transferul c\u0103tre furnizorii de servicii<\/em><\/p>\n\n\n\n<p>Kronvent poate \u00eens\u0103rcina furnizori de servicii externi care ac\u021bioneaz\u0103 \u00een calitate de persoan\u0103 \u00eemputernicit\u0103 cu prelucrarea datelor de c\u0103tre Kronvent, \u00een scopul furniz\u0103rii anumitor servicii c\u0103tre Kronvent, cum ar fi furnizorii de servicii web, furnizorii de servicii de marketing sau furnizorii de asisten\u021b\u0103 IT. \u00cen cadrul furniz\u0103rii acestor servicii, furnizorii de servicii externi pot avea acces \u0219i\/sau prelucra datele dvs. cu caracter personal.<\/p>\n\n\n\n<p>Ace\u0219ti furnizori de servicii externi vor fi supu\u0219i obliga\u021biilor contractuale de punere \u00een aplicare a m\u0103surilor tehnice \u0219i organizatorice de securitate adecvate \u00een scopul protej\u0103rii datelor cu caracter personal \u0219i prelucr\u0103rii acestora numai \u00een conformitate cu instruc\u021biunile.&nbsp;&nbsp;<\/p>\n\n\n\n<p><em>b. Al\u021bi destinatari<\/em><\/p>\n\n\n\n<p>Unii dintre colegii no\u0219tri care administreaz\u0103 site-ul web \u0219i furnizeaz\u0103 servicii IT pot fi angaja\u021bi ai companiilor din grupul nostru. \u00cen cadrul administr\u0103rii site-ului web, colegii no\u0219tri pot avea acces \u0219i\/sau prelucra datele dvs. cu caracter personal. Transferul respectiv al datelor dvs. cu caracter personal se \u00eentemeiaz\u0103 pe interesele noastre legitime. Interesele noastre legitime vizeaz\u0103 transmiterea datelor cu caracter personal \u00een cadrul grupului de companii, \u00een scopuri interne de administrare \u0219i asisten\u021b\u0103. Accesul este limitat la colegii care au nevoie s\u0103 cunoasc\u0103 datele.<\/p>\n\n\n\n<p>De asemenea, Kronvent poate transfera datele dvs. cu caracter personal c\u0103tre agen\u021biile de aplicare a legii, autorit\u0103\u021bile guvernamentale, consilierii juridici \u0219i consultan\u021bii externi, \u00een conformitate cu legisla\u021bia aplicabil\u0103 privind protec\u021bia datelor. Temeiul juridic pentru aceast\u0103 prelucrare este reprezentat de respectarea obliga\u021biei legale c\u0103reia \u00eei este supus\u0103 Kronvent sau de interese legitime, cum ar fi exercitarea sau ap\u0103rarea unui drept \u00een instan\u021b\u0103.<\/p>\n\n\n\n<p>Lista actualizat\u0103 a persoanelor \u00eemputernicite cu prelucrarea datelor \u0219i p\u0103r\u021bilor ter\u021be cu care partaj\u0103m date este disponibil\u0103 la cerere adresat\u0103 Companiei Kronvent, pe baza datelor de contact indicate mai jos.<\/p>\n\n\n\n<p><em>c. Transferurile interna\u021bionale de date cu caracter personal<\/em><\/p>\n\n\n\n<p>Datele cu caracter personal referitoare la dvs. pe care le colect\u0103m sau le primim pot fi transferate \u0219i prelucrate de destinatari situa\u021bi \u00een interiorul sau \u00een afara Spa\u021biului Economic European (\u201eSEE\u201d) \u0219i care nu asigur\u0103 un nivel adecvat de protec\u021bie a datelor. \u021a\u0103rile recunoscute ca asigur\u00e2nd un nivel adecvat de protec\u021bie a datelor din perspectiva legisla\u021biei UE sunt Andorra, Argentina, Canada, Elve\u021bia, Insulele Feroe, Guernesey, Statul Israel, Insula Man, Jersey, Noua Zeeland\u0103 \u0219i Republica Oriental\u0103 a Uruguayului. Destinatarii din SUA pot fi certifica\u021bi par\u021bial \u00een temeiul Scutului de confiden\u021bialitate UE-SUA, consider\u00e2ndu-se astfel c\u0103 asigur\u0103 un nivel adecvat de protec\u021bie a datelor din perspectiva legisla\u021biei UE. \u00cen m\u0103sura \u00een care datele dvs. cu caracter personal sunt transferate c\u0103tre \u021b\u0103ri care nu asigur\u0103 un nivel adecvat de protec\u021bie a datelor din perspectiva legisla\u021biei UE, pentru transferul respectiv vom institui garan\u021bii adecvate, cum ar fi clauzele standard de protec\u021bie a datelor adoptate de Comisia European\u0103. Pute\u021bi cere o copie a acestor garan\u021bii adecvate contact\u00e2ndu-ne prin modalitatea prezentat\u0103 \u00een sec\u021biunea 5 (Contacta\u021bi-ne) de mai jos. Accesul este limitat la destinatarii care au nevoie s\u0103 cunoasc\u0103 datele.<\/p>\n\n\n\n<h3 class=\"wp-block-heading\">3. CARE SUNT DREPTURILE DVS. \u0218I CUM VI LE PUTE\u021aI EXERCITA?<\/h3>\n\n\n\n<p>Dac\u0103 v-a\u021bi exprimat consim\u021b\u0103m\u00e2ntul cu privire la activit\u0103\u021bi de prelucrare a datelor cu caracter personal, v\u0103 pute\u021bi retrage consim\u021b\u0103m\u00e2ntul \u00een orice moment, cu efecte pentru viitor. Retragerea consim\u021b\u0103m\u00e2ntului nu va afecta legalitatea prelucr\u0103rii datelor anterioar\u0103 retragerii consim\u021b\u0103m\u00e2ntului.<\/p>\n\n\n\n<p>\u00cen temeiul legisla\u021biei aplicabile privind protec\u021bia datelor ave\u021bi dreptul: s\u0103 solicita\u021bi accesul la datele cu caracter personal, s\u0103 solicita\u021bi rectificarea datelor cu caracter personal; s\u0103 solicita\u021bi \u0219tergerea datelor cu caracter personal, s\u0103 solicita\u021bi restric\u021bionarea prelucr\u0103rii datelor cu caracter personal; s\u0103 solicita\u021bi portabilitatea datelor \u0219i opozi\u021bia \u00een cazul prelucr\u0103rii datelor cu caracter personal. Re\u021bine\u021bi c\u0103 drepturile susmen\u021bionate pot fi limitate \u00een contextul legisla\u021biei na\u021bionale aplicabile privind protec\u021bia datelor. Pentru informa\u021bii suplimentare privind aceste drepturi consulta\u021bi anexa \u201eDrepturile dvs.\u201d.<\/p>\n\n\n\n<p>De asemenea, ave\u021bi dreptul de a depune o pl\u00e2ngere \u00een fa\u021ba autorit\u0103\u021bii competente de supraveghere a protec\u021biei datelor. Pentru exercitarea drepturilor dvs. pute\u021bi utiliza formularul web special \u2013 Exercita\u021bi-v\u0103 drepturile \u2013 disponibil pe site-ul web al Kronvent.<\/p>\n\n\n\n<h3 class=\"wp-block-heading\">4. C\u00c2T TIMP P\u0102STR\u0102M DATELE DVS. CU CARACTER PERSONAL?<\/h3>\n\n\n\n<p>Datele dvs. cu caracter personal vor fi p\u0103strate c\u00e2t timp va fi necesar pentru a v\u0103 furniza serviciile solicitate. Atunci c\u00e2nd Kronvent nu mai are nevoie de datele dvs. cu caracter personal pentru respectarea obliga\u021biilor contractuale sau legale, le vom elimina din sistemele \u0219i eviden\u021bele noastre \u0219i\/sau vom face demersuri pentru a le anonimiza \u00een mod corespunz\u0103tor, astfel \u00eenc\u00e2t s\u0103 nu mai pute\u021bi fi identificat pe baza acestora, \u00een m\u0103sura \u00een care nu trebuie s\u0103 p\u0103str\u0103m informa\u021biile care v\u0103 privesc, inclusiv datele cu caracter personal \u00een scopul respect\u0103rii obliga\u021biilor legale sau de reglementare la care este supus\u0103 Sika Kronvent, de exemplu perioadele legale de p\u0103strare.&nbsp;&nbsp;<\/p>\n\n\n\n<h3 class=\"wp-block-heading\">5. CONTACTA\u021aI-NE<\/h3>\n\n\n\n<p>\u00cen caz de probleme sau \u00eentreb\u0103ri cu privire la prezenta declara\u021bie privind prelucrarea datelor pe site-ul web, contacta\u021bi-ne dup\u0103 cum urmeaz\u0103:<\/p>\n\n\n\n<p>Kronvent E.B. Group <\/p>\n\n\n\n<p>Sediul Central Brasov&nbsp;<\/p>\n\n\n\n<p>Brasov,&nbsp;Str. Calea Feldioarei, Nr. 75C<\/p>\n\n\n\n<p>Tel: + 40367 404 504<\/p>\n\n\n\n<p>Fax:+ 40367 404 504<br><\/p>","protected":false},"excerpt":{"rendered":"<p>DECLARA\u021aIE PRIVIND PROTEC\u021aIA DATELOR LA UTILIZAREA SITE-ULUI WEB Prezenta declara\u021bie privind protec\u021bia datelor la utilizarea site-ului web descrie modul \u00een care Kronvent E.B. Group S.R.L. Bra\u0219ov, str. Calea Feldioarei nr. 75C &#8211; 500483 (&#8222;Kronvent&#8221;, &#8222;noi&#8221;), \u00een calitate de operator prelucreaz\u0103\/prelucr\u0103m datele cu caracter personal sau alte informa\u021bii ale dvs., \u00een special \u00een sensul Regulamentului general [&hellip;]<\/p>","protected":false},"author":3,"featured_media":0,"parent":0,"menu_order":0,"comment_status":"closed","ping_status":"closed","template":"","meta":{"footnotes":""},"yoast_head":"<!-- This site is optimized with the Yoast SEO plugin v22.0 - https:\/\/yoast.com\/wordpress\/plugins\/seo\/ -->\n<title>Politic\u0103 de confiden\u021bialitate | Kronvent<\/title>\n<meta name=\"robots\" content=\"index, follow, max-snippet:-1, max-image-preview:large, max-video-preview:-1\" \/>\n<link rel=\"canonical\" href=\"https:\/\/kronvent.ro\/en\/politica-de-confidentialitate\/\" \/>\n<meta property=\"og:locale\" content=\"en_US\" \/>\n<meta property=\"og:type\" content=\"article\" \/>\n<meta property=\"og:title\" content=\"Politic\u0103 de confiden\u021bialitate | Kronvent\" \/>\n<meta property=\"og:description\" content=\"DECLARA\u021aIE PRIVIND PROTEC\u021aIA DATELOR LA UTILIZAREA SITE-ULUI WEB Prezenta declara\u021bie privind protec\u021bia datelor la utilizarea site-ului web descrie modul \u00een care Kronvent E.B. Group S.R.L. Bra\u0219ov, str. Calea Feldioarei nr. 75C &#8211; 500483 (&#8222;Kronvent&#8221;, &#8222;noi&#8221;), \u00een calitate de operator prelucreaz\u0103\/prelucr\u0103m datele cu caracter personal sau alte informa\u021bii ale dvs., \u00een special \u00een sensul Regulamentului general [&hellip;]\" \/>\n<meta property=\"og:url\" content=\"https:\/\/kronvent.ro\/en\/politica-de-confidentialitate\/\" \/>\n<meta property=\"og:site_name\" content=\"Kronvent\" \/>\n<meta property=\"article:modified_time\" content=\"2024-02-16T12:38:06+00:00\" \/>\n<meta name=\"twitter:card\" content=\"summary_large_image\" \/>\n<meta name=\"twitter:label1\" content=\"Est. reading time\" \/>\n\t<meta name=\"twitter:data1\" content=\"7 minutes\" \/>\n<script type=\"application\/ld+json\" class=\"yoast-schema-graph\">{\"@context\":\"https:\/\/schema.org\",\"@graph\":[{\"@type\":\"WebPage\",\"@id\":\"https:\/\/kronvent.ro\/politica-de-confidentialitate\/\",\"url\":\"https:\/\/kronvent.ro\/politica-de-confidentialitate\/\",\"name\":\"Politic\u0103 de confiden\u021bialitate | Kronvent\",\"isPartOf\":{\"@id\":\"https:\/\/kronvent.ro\/#website\"},\"datePublished\":\"2020-02-25T19:02:18+00:00\",\"dateModified\":\"2024-02-16T12:38:06+00:00\",\"breadcrumb\":{\"@id\":\"https:\/\/kronvent.ro\/politica-de-confidentialitate\/#breadcrumb\"},\"inLanguage\":\"en-US\",\"potentialAction\":[{\"@type\":\"ReadAction\",\"target\":[\"https:\/\/kronvent.ro\/politica-de-confidentialitate\/\"]}]},{\"@type\":\"BreadcrumbList\",\"@id\":\"https:\/\/kronvent.ro\/politica-de-confidentialitate\/#breadcrumb\",\"itemListElement\":[{\"@type\":\"ListItem\",\"position\":1,\"name\":\"Prima pagin\u0103\",\"item\":\"https:\/\/kronvent.ro\/\"},{\"@type\":\"ListItem\",\"position\":2,\"name\":\"Politic\u0103 de confiden\u021bialitate\"}]},{\"@type\":\"WebSite\",\"@id\":\"https:\/\/kronvent.ro\/#website\",\"url\":\"https:\/\/kronvent.ro\/\",\"name\":\"Kronvent\",\"description\":\"Producator TUBULATUR\u0102 VENTILA\u021aIE din Bra\u015fov  cu o capacitate de p\u00e2n\u0103 la 25,000 de mp\/lun\u0103\",\"publisher\":{\"@id\":\"https:\/\/kronvent.ro\/#organization\"},\"potentialAction\":[{\"@type\":\"SearchAction\",\"target\":{\"@type\":\"EntryPoint\",\"urlTemplate\":\"https:\/\/kronvent.ro\/?s={search_term_string}\"},\"query-input\":\"required name=search_term_string\"}],\"inLanguage\":\"en-US\"},{\"@type\":\"Organization\",\"@id\":\"https:\/\/kronvent.ro\/#organization\",\"name\":\"Kronvent\",\"url\":\"https:\/\/kronvent.ro\/\",\"logo\":{\"@type\":\"ImageObject\",\"inLanguage\":\"en-US\",\"@id\":\"https:\/\/kronvent.ro\/#\/schema\/logo\/image\/\",\"url\":\"https:\/\/kronvent.ro\/wp-content\/uploads\/2020\/02\/logo.png\",\"contentUrl\":\"https:\/\/kronvent.ro\/wp-content\/uploads\/2020\/02\/logo.png\",\"width\":485,\"height\":82,\"caption\":\"Kronvent\"},\"image\":{\"@id\":\"https:\/\/kronvent.ro\/#\/schema\/logo\/image\/\"}}]}<\/script>\n<!-- \/ Yoast SEO plugin. -->","yoast_head_json":{"title":"Politic\u0103 de confiden\u021bialitate | Kronvent","robots":{"index":"index","follow":"follow","max-snippet":"max-snippet:-1","max-image-preview":"max-image-preview:large","max-video-preview":"max-video-preview:-1"},"canonical":"https:\/\/kronvent.ro\/en\/politica-de-confidentialitate\/","og_locale":"en_US","og_type":"article","og_title":"Politic\u0103 de confiden\u021bialitate | Kronvent","og_description":"DECLARA\u021aIE PRIVIND PROTEC\u021aIA DATELOR LA UTILIZAREA SITE-ULUI WEB Prezenta declara\u021bie privind protec\u021bia datelor la utilizarea site-ului web descrie modul \u00een care Kronvent E.B. Group S.R.L. Bra\u0219ov, str. Calea Feldioarei nr. 75C &#8211; 500483 (&#8222;Kronvent&#8221;, &#8222;noi&#8221;), \u00een calitate de operator prelucreaz\u0103\/prelucr\u0103m datele cu caracter personal sau alte informa\u021bii ale dvs., \u00een special \u00een sensul Regulamentului general [&hellip;]","og_url":"https:\/\/kronvent.ro\/en\/politica-de-confidentialitate\/","og_site_name":"Kronvent","article_modified_time":"2024-02-16T12:38:06+00:00","twitter_card":"summary_large_image","twitter_misc":{"Est. reading time":"7 minutes"},"schema":{"@context":"https:\/\/schema.org","@graph":[{"@type":"WebPage","@id":"https:\/\/kronvent.ro\/politica-de-confidentialitate\/","url":"https:\/\/kronvent.ro\/politica-de-confidentialitate\/","name":"Politic\u0103 de confiden\u021bialitate | Kronvent","isPartOf":{"@id":"https:\/\/kronvent.ro\/#website"},"datePublished":"2020-02-25T19:02:18+00:00","dateModified":"2024-02-16T12:38:06+00:00","breadcrumb":{"@id":"https:\/\/kronvent.ro\/politica-de-confidentialitate\/#breadcrumb"},"inLanguage":"en-US","potentialAction":[{"@type":"ReadAction","target":["https:\/\/kronvent.ro\/politica-de-confidentialitate\/"]}]},{"@type":"BreadcrumbList","@id":"https:\/\/kronvent.ro\/politica-de-confidentialitate\/#breadcrumb","itemListElement":[{"@type":"ListItem","position":1,"name":"Prima pagin\u0103","item":"https:\/\/kronvent.ro\/"},{"@type":"ListItem","position":2,"name":"Politic\u0103 de confiden\u021bialitate"}]},{"@type":"WebSite","@id":"https:\/\/kronvent.ro\/#website","url":"https:\/\/kronvent.ro\/","name":"Kronvent","description":"Producator TUBULATUR\u0102 VENTILA\u021aIE din Bra\u015fov  cu o capacitate de p\u00e2n\u0103 la 25,000 de mp\/lun\u0103","publisher":{"@id":"https:\/\/kronvent.ro\/#organization"},"potentialAction":[{"@type":"SearchAction","target":{"@type":"EntryPoint","urlTemplate":"https:\/\/kronvent.ro\/?s={search_term_string}"},"query-input":"required name=search_term_string"}],"inLanguage":"en-US"},{"@type":"Organization","@id":"https:\/\/kronvent.ro\/#organization","name":"Kronvent","url":"https:\/\/kronvent.ro\/","logo":{"@type":"ImageObject","inLanguage":"en-US","@id":"https:\/\/kronvent.ro\/#\/schema\/logo\/image\/","url":"https:\/\/kronvent.ro\/wp-content\/uploads\/2020\/02\/logo.png","contentUrl":"https:\/\/kronvent.ro\/wp-content\/uploads\/2020\/02\/logo.png","width":485,"height":82,"caption":"Kronvent"},"image":{"@id":"https:\/\/kronvent.ro\/#\/schema\/logo\/image\/"}}]}},"_links":{"self":[{"href":"https:\/\/kronvent.ro\/en\/wp-json\/wp\/v2\/pages\/3"}],"collection":[{"href":"https:\/\/kronvent.ro\/en\/wp-json\/wp\/v2\/pages"}],"about":[{"href":"https:\/\/kronvent.ro\/en\/wp-json\/wp\/v2\/types\/page"}],"author":[{"embeddable":true,"href":"https:\/\/kronvent.ro\/en\/wp-json\/wp\/v2\/users\/3"}],"replies":[{"embeddable":true,"href":"https:\/\/kronvent.ro\/en\/wp-json\/wp\/v2\/comments?post=3"}],"version-history":[{"count":3,"href":"https:\/\/kronvent.ro\/en\/wp-json\/wp\/v2\/pages\/3\/revisions"}],"predecessor-version":[{"id":551,"href":"https:\/\/kronvent.ro\/en\/wp-json\/wp\/v2\/pages\/3\/revisions\/551"}],"wp:attachment":[{"href":"https:\/\/kronvent.ro\/en\/wp-json\/wp\/v2\/media?parent=3"}],"curies":[{"name":"wp","href":"https:\/\/api.w.org\/{rel}","templated":true}]}}