{"id":190,"date":"2020-02-29T08:51:21","date_gmt":"2020-02-29T08:51:21","guid":{"rendered":"https:\/\/kronvent.ro\/?page_id=190"},"modified":"2024-02-16T12:38:01","modified_gmt":"2024-02-16T12:38:01","slug":"termeni-si-conditii","status":"publish","type":"page","link":"https:\/\/kronvent.ro\/en\/termeni-si-conditii\/","title":{"rendered":"Termeni si condi\u021bii"},"content":{"rendered":"<h2 class=\"wp-block-heading\">RESTRIC\u0162II DE ACCES<\/h2>\n\n\n\n<p>Informa\u0163iile con\u0163inute pe acest site (\u201esite-ul\u201d) nu sunt destinate utiliz\u0103rii \u00een nicio \u0163ar\u0103 sau jurisdic\u0163ie sau de c\u0103tre persoane \u00een cazul \u00een care o astfel de utilizare ar constitui o \u00eenc\u0103lcare a legii. Dac\u0103 acest lucru se aplic\u0103 \u00een cazul dvs., nu sunte\u0163i autorizat s\u0103 accesa\u0163i sau s\u0103 utiliza\u0163i informa\u0163iile de pe acest site.<\/p>\n\n\n\n<h2 class=\"wp-block-heading\">TERMENI DE UTILIZARE<\/h2>\n\n\n\n<p>V\u0103 rug\u0103m s\u0103 citi\u0163i cu aten\u0163ie ace\u0219ti termeni \u015fi condi\u0163ii (\u201cTermenii de utilizare\u201d) deoarece se aplic\u0103 accesului dvs. \u0219i\/sau utiliz\u0103rii acestui site. Prin accesarea acestui site \u015fi a oric\u0103ror pagini ale acestuia, confirma\u0163i acordul dvs. \u015fi \u00een\u0163elegerea acestor Termeni de utilizare. \u00cen cazul \u00een care nu sunte\u0163i de acord cu ace\u015fti Termeni de utilizare, v\u0103 rug\u0103m s\u0103 nu accesa\u0163i sau s\u0103 utiliza\u0163i acest site. Ace\u015fti Termeni de utilizare se pot modifica \u00een orice moment.<\/p>\n\n\n\n<p>Acest Site este de\u0163inut \u015fi operat de <em>Kronvent E.B. Group<\/em>&nbsp; (\u00ab Societatea \u00bb), o societate \u00eenfin\u0163at\u0103 \u00een Romania. Legea romananeasca guverneaz\u0103 acest site \u015fi prezen\u0163ii Termeni de utilizare.<\/p>\n\n\n\n<h3 class=\"wp-block-heading\">1. DECLINAREA GENERAL\u0102 A R\u0102SPUNDERII<\/h3>\n\n\n\n<p>Materialele \u015fi informa\u0163iile din acest site sunt furnizate \u201cca atare\u201d \u015fi f\u0103r\u0103 garan\u0163ii de niciun fel, exprimate sau implicite. Toate garan\u0163iile, inclusiv, dar f\u0103r\u0103 a se limita la, garan\u0163iile de vandabilitate \u015fi adecvare pentru un anumit scop sunt respins.<\/p>\n\n\n\n<p>Nu se face nicio declara\u0163ie sau garan\u0163ie cu privire la con\u0163inutul, func\u0163ionalitatea, link-urile sau comunic\u0103rile, inclusiv nicio declara\u0163ie sau garan\u0163ie privind defectele sau erorile sau corec\u021biile acestora, \u00eentreruperile sau intercept\u0103rile de comunica\u021bii sau pierderea datelor sau absen\u0163a viru\u015filor sau a altor componente d\u0103un\u0103toare.<\/p>\n\n\n\n<p>\u00cen niciun caz societatea sau una dintre filialele sau societ\u0103\u0163ile sale afiliate nu va fi responsabil\u0103 pentru costuri sau daune, inclusiv daune directe, indirecte, speciale, incidentale sau consecven\u0163iale care iau na\u015ftere din sau \u00een leg\u0103tur\u0103 cu accesul sau utilizarea sau imposibilitatea acces\u0103rii sau utiliz\u0103rii acestui site sau a oric\u0103ror func\u0163ii sau&nbsp; caracteristici ale acestuia, inclusiv cu privire la orice navigare sau desc\u0103rcare de informa\u0163ii, date, text, imagini sau alte materiale accesibile prin intermediul acestui site sau al altui site legat de acest site sau care are un link c\u0103tre acest site.<\/p>\n\n\n\n<p>Utilizatorul acestui site are responsabilitatea de a evalua exactitatea, caracterul complet,&nbsp; \u00eencrederea \u00een \u015fi utilitatea opiniilor, serviciilor sau a altor informa\u0163ii oferite.<\/p>\n\n\n\n<p>Se \u00een\u0163elege \u015fi este o condi\u0163ie ca toate informa\u021biile oferite pe acest site nu vor fi interpretate sau invocate drept consultan\u0163\u0103 juridic\u0103, contabil\u0103, fiscal\u0103, financiar\u0103, de investi\u0163ii sau de alt\u0103 natur\u0103 profesional\u0103 sau ca sfat pe anumite situa\u0163ii sau probleme. Ca atare,&nbsp; nu ne asum\u0103m nicio r\u0103spundere de niciun fel pentru utilizarea sau abuzul de astfel de informa\u021bii. Utilizatorii acestui site ar trebui s\u0103 cear\u0103 p\u0103rerea consultan\u0163ilor profesioni\u015fti \u00een ceea ce prive\u015fte situa\u0163ia lor personal\u0103.<\/p>\n\n\n\n<h3 class=\"wp-block-heading\">2. NICI O OFERT\u0102<\/h3>\n\n\n\n<p>Nimic pe acest site nu se va interpreta ca o solicitare, ofert\u0103, sfat, recomandare sau orice alt serviciu pentru a achizi\u0163iona sau dispune de o investi\u0163ie sau pentru a se angaja \u00een orice alt\u0103 investi\u021bie sau tranzac\u021bie. Pentru informa\u021bii despre un produs specific \u015fi\/sau o anumit\u0103 \u0163ar\u0103, vizita\u021bi site-ul respectiv.<\/p>\n\n\n\n<h3 class=\"wp-block-heading\">3. PROPRIETATE INTELECTUAL\u0102 AVERTISMENT<\/h3>\n\n\n\n<p>Cu excep\u021bia cazurilor \u00een care se indic\u0103 altfel, toate informa\u021biile, textul, imaginile grafice, caracteristicile sau func\u021biile \u0219i aspectul (inclusiv \u201ccum se simte \u015fi cum arat\u0103\u201d) con\u021binute \u00een acest site sunt proprietatea exclusiv\u0103 a Societ\u0103\u0163ii \u015fi nu pot fi copiate sau distribuite, total sau par\u0163ial, f\u0103r\u0103 acordul scris al Societ\u0103\u0163ii.<\/p>\n\n\n\n<p>Totu\u015fi, pute\u0163i desc\u0103rca sau imprima orice pagini de pe acest site pentru utilizare personal\u0103, necomercial\u0103, cu condi\u0163ia s\u0103 nu elimina\u0163i notific\u0103rile referitoare la drepturile de autor.<\/p>\n\n\n\n<h3 class=\"wp-block-heading\">4. LINK-URI<\/h3>\n\n\n\n<p>Link-urile de pe acest site c\u0103tre alte site-uri sunt oferite exclusiv pentru informarea \u0219i comoditatea dvs.<\/p>\n\n\n\n<p>Societatea nu \u00ee\u0219i asum\u0103 nicio responsabilitate sau r\u0103spundere cu privire la site-urile legate de acest site (sau orice site care are un link pe acest site), inclusiv con\u021binutul \u0219i func\u021bionarea acestora. Societatea nu revizuie\u015fte \u015fi nu supravegheaz\u0103 aceste link-uri. Anumite site-uri pot fi \u00een afara \u0163\u0103rii dvs. \u0219i pot fi supuse unor reglement\u0103ri \u0219i reguli diferite.<\/p>\n\n\n\n<p>Un link de pe acest site c\u0103tre un alt site (sau un link de pe un alt site c\u0103tre acest site) nu reprezint\u0103 o recomandare, aprobare, publicitate, ofert\u0103 sau solicitare cu privire la site-ul respectiv, con\u0163inutul s\u0103u sau orice produse sau servicii c\u0103rora li se face reclam\u0103 sau care sunt distribuite pe site-ul respectiv.<\/p>\n\n\n\n<p>Societatea consider\u0103 c\u0103 link-urile pe care le ofer\u0103 altor site-uri, pagini web, grupuri de \u0219tiri \u0219i alte surse accesibile publicului sunt permise din punct de vedere legal \u0219i corespund a\u0219tept\u0103rilor obi\u0219nuite ale utilizatorilor de Internet.<\/p>\n\n\n\n<p>F\u0103r\u0103 acordul scris al Societ\u0103\u0163ii, nicio persoan\u0103 \u0219i niciun site nu pot crea un link c\u0103tre acest site, indiferent dac\u0103 este pe pagina de pornire sau pe o pagin\u0103 intern\u0103.<\/p>\n\n\n\n<h3 class=\"wp-block-heading\">5. POLITICA DE CONFIDEN\u0162IALITATE<\/h3>\n\n\n\n<p>Societatea ia m\u0103surile de precau\u0163ie rezonabile pentru a p\u0103stra \u00een siguran\u0163\u0103 toate informa\u0163iile ob\u021binute de la vizitatorii online \u00eempotriva accesului \u0219i utiliz\u0103rii neautorizate \u015fi revizuie\u015fte periodic m\u0103surile de securitate.<\/p>\n\n\n\n<p>Nu trimite\u0163i nicio informa\u0163ie confiden\u0163ial\u0103 sau proprietar\u0103 Societ\u0103\u0163ii prin intermediul site-ului. O rela\u0163ie confiden\u0163ial\u0103 nu este creat\u0103 \u00eentre dvs. \u015fi societate prin transmiterea de informa\u0163ii c\u0103tre Societate. Orice informa\u0163ii pe care Compania le prime\u015fte prin intermediul site-ului, \u00een afara informa\u0163iilor referitoare la identitatea dvs. personal\u0103 sunt considerate neconfiden\u0163iale.<\/p>\n\n\n\n<p>Pentru prelucrarea datelor dvs. personale atunci c\u00e2nd vizita\u0163i site-ul, v\u0103 rug\u0103m s\u0103 consulta\u0163i <em>Politica noastr\u0103 de confiden\u0163ialitate<\/em>, disponibil\u0103 la<a href=\"https:\/\/kronvent.ro\/en\/politica-de-confidentialitate\/\"> <\/a> <a href=\"https:\/\/kronvent.ro\/en\/politica-de-confidentialitate\/\">https:\/\/kronvent.ro\/politica-de-confidentialitate<\/a> <\/p>\n\n\n\n<h3 class=\"wp-block-heading\">6. SUPRAVEGHERE \/ MONITORIZARE<\/h3>\n\n\n\n<p>Societatea nu este obligat\u0103 s\u0103 monitorizeze trimiterile sau transmisiile c\u0103tre sau prin intermediul acestui site sau al oric\u0103rui alt site c\u0103tre care acest site are un link sau care are un link pe acest site. Totu\u015fi, Societatea&nbsp; \u00ee\u015fi rezerv\u0103 dreptul de a le monitoriza, inclusiv orice chat room sau alte caracteristici similare ale site-ului.<\/p>\n\n\n\n<p>Confirma\u0163i c\u0103 acestor informa\u0163ii nu le este ata\u0219at\u0103 nicio obliga\u0163ie de niciun fel \u0219i c\u0103, prin transmiterea acestor informa\u0163ii, nu se creeaz\u0103 nicio rela\u0163ie confiden\u0163ial\u0103, implicit contractual\u0103 sau de alt\u0103 natur\u0103 \u00eentre dvs. \u015fi Societate.<\/p>\n\n\n\n<h3 class=\"wp-block-heading\">7. COMPORTAMENTUL UTILIZATORULUI<\/h3>\n\n\n\n<p>\u00cen cazul acces\u0103rii sau utiliz\u0103rii unei p\u0103r\u0163i a acestui site, nu&nbsp; ave\u0163i voie:<\/p>\n\n\n\n<ul><li>s\u0103 posta\u0163i sau s\u0103 transmite\u0163i informa\u0163ii ilegale, amenin\u0163\u0103toare, abuzive, calomnioase, def\u0103im\u0103toare, obscene, pornografice, profane sau inacceptabile \u00een alt mod, inclusiv dar f\u0103r\u0103 limitare, orice transmiteri care reprezint\u0103 sau \u00eencurajeaz\u0103 un comportament care ar putea constitui o infrac\u0163iune, ar putea duce la r\u0103spundere civil\u0103 sau care \u00eencalc\u0103 altfel legisla\u0163ia na\u0163ional\u0103 sau interna\u0163ional\u0103;<\/li><li>s\u0103 posta\u0163i sau s\u0103 transmite\u0163i informa\u0163ii sau software-uri care con\u0163in un virus, vierme, cal troian sau alte componente d\u0103un\u0103toare; s\u0103 interveni\u0163i \u00een func\u0163ionarea acestui site sau s\u0103 restric\u0163iona\u0163i sau s\u0103 \u00eempiedica\u0163i un alt utilizator s\u0103 foloseasc\u0103 acest site;<\/li><li>s\u0103 posta\u0163i, publica\u0163i, transmite\u0163i, reproduce\u0163i, distribui\u0163i sau exploata\u0163i informa\u0163ii, software sau alte materiale ob\u0163inute prin acest site \u00een scopuri comerciale f\u0103r\u0103 acordul anterior scris prealabil al Societ\u0103\u0163ii.<\/li><\/ul>\n\n\n\n<p><em>Aten\u0163ie<\/em><\/p>\n\n\n\n<p>Orice \u00eencercare a unei persoane de a deteriora acest site sau de a submina func\u0163ionarea acestuia poate reprezenta o \u00eenc\u0103lcare a legii penale sau civile. Societatea \u00ee\u015fi rezerv\u0103 dreptul de a solicita desp\u0103gubiri de la o astfel de persoan\u0103 \u00een m\u0103sura maxim\u0103 permis\u0103 de lege.<\/p>\n\n\n\n<h3 class=\"wp-block-heading\">8. LEGEA APLICABIL\u0102 \u015eI JURISDIC\u0162IE, RESTRIC\u0162II LOCALE, ACTUALIAZ\u0102RI, ALTELE<\/h3>\n\n\n\n<p>Acest site \u015fi ace\u015fti Termeni de utilizare vor fi interpreta\u0163i \u015fi aplica\u0163i conform legii substan\u0163iale din Romania, f\u0103r\u0103 referire la principiile conflictelor de legi. Locul de juridic\u0163ie este Brasov, Romania.<\/p>\n\n\n\n<p>Societatea nu face nicio declara\u0163ie c\u0103 informa\u0163iile, materialele sau caracteristicile \/ func\u0163iile incluse sunt adecvate pentru utilizare \u00eentr-o alt\u0103 jurisdic\u021bie.<\/p>\n\n\n\n<p>Site-ul nu este \u00eendreptat c\u0103tre nicio persoan\u0103 dintr-o jurisdic\u0163ie \u00een care (pe motivul na\u0163ionalit\u0103\u0163ii, domiciliului, cet\u0103\u0163eniei sau altfel), publicarea sau disponibilitatea site-ului \u015fi con\u0163inutul acestuia contravine legilor sau sau reglement\u0103rilor locale.<\/p>\n\n\n\n<p>Persoanele cu privire la care se aplic\u0103 aceste restric\u0163ii sau interdic\u0163ii nu trebuie s\u0103 acceseze sau s\u0103 utilizeze acest site. Accesarea sau utilizarea acestui site se face din proprie ini\u0163iativ\u0103 \u0219i sunte\u0163i singurul responsabil pentru respectarea legilor \u015fi reglement\u0103rilor locale aplicabile.<\/p>\n\n\n\n<p>Actualiz\u0103rile \u015fi modific\u0103rile acestor Termeni de utilizare pot fi schimba \u00een orice moment. Verifica\u0163i Termenii de utilizare de fiecare dat\u0103 c\u00e2nd accesa\u0163i \u015fi\/sau utiliza\u0163i acest site.<\/p>\n\n\n\n<h3 class=\"wp-block-heading\">9. COOKIE-URI<\/h3>\n\n\n\n<p>Acest site se bazeaz\u0103 pe serviciile oferite prin Google Analytics. Google Analytics este un instrument care ajut\u0103 la m\u0103surarea modului \u00een care utilizatorii interac\u0163ioneaz\u0103 cu respectivul con\u0163inut al site-ului. Deoarece un utilizator navigheaz\u0103 \u00eentre pagini web, Google Analytics ofer\u0103 proprietarilor site-urilor etichete (biblioteci) JavaScript pentru \u00eenregistrarea de date despre pagina pe care un utilizator a vizualizat-o, de exemplu adresa URL a paginii. Bibliotecile JavaScript Google Analytics folosesc cookie-uri HTTP pentru a \u201eaminti\u201d ce a f\u0103cut un utilizator pe paginile anterioare\/interac\u0163iunile cu site-ul.<\/p>\n\n\n\n<p>Google Analytics utilizeaz\u0103, \u00een principal, module cookie primare pentru a raporta interac\u0163iunile utilizatorilor pe site-urile Kronvent. Aceste module cookie sunt utilizate pentru a stoca informa\u0163ii care nu pot fi identificate personal. Browserele nu distribuie modulele cookie primare \u00eentre domenii.<\/p>","protected":false},"excerpt":{"rendered":"<p>RESTRIC\u0162II DE ACCES Informa\u0163iile con\u0163inute pe acest site (\u201esite-ul\u201d) nu sunt destinate utiliz\u0103rii \u00een nicio \u0163ar\u0103 sau jurisdic\u0163ie sau de c\u0103tre persoane \u00een cazul \u00een care o astfel de utilizare ar constitui o \u00eenc\u0103lcare a legii. Dac\u0103 acest lucru se aplic\u0103 \u00een cazul dvs., nu sunte\u0163i autorizat s\u0103 accesa\u0163i sau s\u0103 utiliza\u0163i informa\u0163iile de pe [&hellip;]<\/p>","protected":false},"author":3,"featured_media":0,"parent":0,"menu_order":0,"comment_status":"closed","ping_status":"closed","template":"","meta":{"footnotes":""},"yoast_head":"<!-- This site is optimized with the Yoast SEO plugin v22.0 - https:\/\/yoast.com\/wordpress\/plugins\/seo\/ -->\n<title>Termeni si condi\u021bii | Kronvent<\/title>\n<meta name=\"description\" content=\"Acest Site este de\u0163inut \u015fi operat de Kronvent E.B. Group, o societate \u00eenfin\u0163at\u0103 \u00een Romania. Legea romananeasca guverneaz\u0103 acest site.\" \/>\n<meta name=\"robots\" content=\"index, follow, max-snippet:-1, max-image-preview:large, max-video-preview:-1\" \/>\n<link rel=\"canonical\" href=\"https:\/\/kronvent.ro\/en\/termeni-si-conditii\/\" \/>\n<meta property=\"og:locale\" content=\"en_US\" \/>\n<meta property=\"og:type\" content=\"article\" \/>\n<meta property=\"og:title\" content=\"Termeni si condi\u021bii | Kronvent\" \/>\n<meta property=\"og:description\" content=\"Acest Site este de\u0163inut \u015fi operat de Kronvent E.B. Group, o societate \u00eenfin\u0163at\u0103 \u00een Romania. Legea romananeasca guverneaz\u0103 acest site.\" \/>\n<meta property=\"og:url\" content=\"https:\/\/kronvent.ro\/en\/termeni-si-conditii\/\" \/>\n<meta property=\"og:site_name\" content=\"Kronvent\" \/>\n<meta property=\"article:modified_time\" content=\"2024-02-16T12:38:01+00:00\" \/>\n<meta name=\"twitter:card\" content=\"summary_large_image\" \/>\n<meta name=\"twitter:label1\" content=\"Est. reading time\" \/>\n\t<meta name=\"twitter:data1\" content=\"8 minutes\" \/>\n<script type=\"application\/ld+json\" class=\"yoast-schema-graph\">{\"@context\":\"https:\/\/schema.org\",\"@graph\":[{\"@type\":\"WebPage\",\"@id\":\"https:\/\/kronvent.ro\/termeni-si-conditii\/\",\"url\":\"https:\/\/kronvent.ro\/termeni-si-conditii\/\",\"name\":\"Termeni si condi\u021bii | Kronvent\",\"isPartOf\":{\"@id\":\"https:\/\/kronvent.ro\/#website\"},\"datePublished\":\"2020-02-29T08:51:21+00:00\",\"dateModified\":\"2024-02-16T12:38:01+00:00\",\"description\":\"Acest Site este de\u0163inut \u015fi operat de Kronvent E.B. Group, o societate \u00eenfin\u0163at\u0103 \u00een Romania. Legea romananeasca guverneaz\u0103 acest site.\",\"breadcrumb\":{\"@id\":\"https:\/\/kronvent.ro\/termeni-si-conditii\/#breadcrumb\"},\"inLanguage\":\"en-US\",\"potentialAction\":[{\"@type\":\"ReadAction\",\"target\":[\"https:\/\/kronvent.ro\/termeni-si-conditii\/\"]}]},{\"@type\":\"BreadcrumbList\",\"@id\":\"https:\/\/kronvent.ro\/termeni-si-conditii\/#breadcrumb\",\"itemListElement\":[{\"@type\":\"ListItem\",\"position\":1,\"name\":\"Prima pagin\u0103\",\"item\":\"https:\/\/kronvent.ro\/\"},{\"@type\":\"ListItem\",\"position\":2,\"name\":\"Termeni si condi\u021bii\"}]},{\"@type\":\"WebSite\",\"@id\":\"https:\/\/kronvent.ro\/#website\",\"url\":\"https:\/\/kronvent.ro\/\",\"name\":\"Kronvent\",\"description\":\"Producator TUBULATUR\u0102 VENTILA\u021aIE din Bra\u015fov  cu o capacitate de p\u00e2n\u0103 la 25,000 de mp\/lun\u0103\",\"publisher\":{\"@id\":\"https:\/\/kronvent.ro\/#organization\"},\"potentialAction\":[{\"@type\":\"SearchAction\",\"target\":{\"@type\":\"EntryPoint\",\"urlTemplate\":\"https:\/\/kronvent.ro\/?s={search_term_string}\"},\"query-input\":\"required name=search_term_string\"}],\"inLanguage\":\"en-US\"},{\"@type\":\"Organization\",\"@id\":\"https:\/\/kronvent.ro\/#organization\",\"name\":\"Kronvent\",\"url\":\"https:\/\/kronvent.ro\/\",\"logo\":{\"@type\":\"ImageObject\",\"inLanguage\":\"en-US\",\"@id\":\"https:\/\/kronvent.ro\/#\/schema\/logo\/image\/\",\"url\":\"https:\/\/kronvent.ro\/wp-content\/uploads\/2020\/02\/logo.png\",\"contentUrl\":\"https:\/\/kronvent.ro\/wp-content\/uploads\/2020\/02\/logo.png\",\"width\":485,\"height\":82,\"caption\":\"Kronvent\"},\"image\":{\"@id\":\"https:\/\/kronvent.ro\/#\/schema\/logo\/image\/\"}}]}<\/script>\n<!-- \/ Yoast SEO plugin. -->","yoast_head_json":{"title":"Termeni si condi\u021bii | Kronvent","description":"Acest Site este de\u0163inut \u015fi operat de Kronvent E.B. Group, o societate \u00eenfin\u0163at\u0103 \u00een Romania. Legea romananeasca guverneaz\u0103 acest site.","robots":{"index":"index","follow":"follow","max-snippet":"max-snippet:-1","max-image-preview":"max-image-preview:large","max-video-preview":"max-video-preview:-1"},"canonical":"https:\/\/kronvent.ro\/en\/termeni-si-conditii\/","og_locale":"en_US","og_type":"article","og_title":"Termeni si condi\u021bii | Kronvent","og_description":"Acest Site este de\u0163inut \u015fi operat de Kronvent E.B. Group, o societate \u00eenfin\u0163at\u0103 \u00een Romania. Legea romananeasca guverneaz\u0103 acest site.","og_url":"https:\/\/kronvent.ro\/en\/termeni-si-conditii\/","og_site_name":"Kronvent","article_modified_time":"2024-02-16T12:38:01+00:00","twitter_card":"summary_large_image","twitter_misc":{"Est. reading time":"8 minutes"},"schema":{"@context":"https:\/\/schema.org","@graph":[{"@type":"WebPage","@id":"https:\/\/kronvent.ro\/termeni-si-conditii\/","url":"https:\/\/kronvent.ro\/termeni-si-conditii\/","name":"Termeni si condi\u021bii | Kronvent","isPartOf":{"@id":"https:\/\/kronvent.ro\/#website"},"datePublished":"2020-02-29T08:51:21+00:00","dateModified":"2024-02-16T12:38:01+00:00","description":"Acest Site este de\u0163inut \u015fi operat de Kronvent E.B. Group, o societate \u00eenfin\u0163at\u0103 \u00een Romania. Legea romananeasca guverneaz\u0103 acest site.","breadcrumb":{"@id":"https:\/\/kronvent.ro\/termeni-si-conditii\/#breadcrumb"},"inLanguage":"en-US","potentialAction":[{"@type":"ReadAction","target":["https:\/\/kronvent.ro\/termeni-si-conditii\/"]}]},{"@type":"BreadcrumbList","@id":"https:\/\/kronvent.ro\/termeni-si-conditii\/#breadcrumb","itemListElement":[{"@type":"ListItem","position":1,"name":"Prima pagin\u0103","item":"https:\/\/kronvent.ro\/"},{"@type":"ListItem","position":2,"name":"Termeni si condi\u021bii"}]},{"@type":"WebSite","@id":"https:\/\/kronvent.ro\/#website","url":"https:\/\/kronvent.ro\/","name":"Kronvent","description":"Producator TUBULATUR\u0102 VENTILA\u021aIE din Bra\u015fov  cu o capacitate de p\u00e2n\u0103 la 25,000 de mp\/lun\u0103","publisher":{"@id":"https:\/\/kronvent.ro\/#organization"},"potentialAction":[{"@type":"SearchAction","target":{"@type":"EntryPoint","urlTemplate":"https:\/\/kronvent.ro\/?s={search_term_string}"},"query-input":"required name=search_term_string"}],"inLanguage":"en-US"},{"@type":"Organization","@id":"https:\/\/kronvent.ro\/#organization","name":"Kronvent","url":"https:\/\/kronvent.ro\/","logo":{"@type":"ImageObject","inLanguage":"en-US","@id":"https:\/\/kronvent.ro\/#\/schema\/logo\/image\/","url":"https:\/\/kronvent.ro\/wp-content\/uploads\/2020\/02\/logo.png","contentUrl":"https:\/\/kronvent.ro\/wp-content\/uploads\/2020\/02\/logo.png","width":485,"height":82,"caption":"Kronvent"},"image":{"@id":"https:\/\/kronvent.ro\/#\/schema\/logo\/image\/"}}]}},"_links":{"self":[{"href":"https:\/\/kronvent.ro\/en\/wp-json\/wp\/v2\/pages\/190"}],"collection":[{"href":"https:\/\/kronvent.ro\/en\/wp-json\/wp\/v2\/pages"}],"about":[{"href":"https:\/\/kronvent.ro\/en\/wp-json\/wp\/v2\/types\/page"}],"author":[{"embeddable":true,"href":"https:\/\/kronvent.ro\/en\/wp-json\/wp\/v2\/users\/3"}],"replies":[{"embeddable":true,"href":"https:\/\/kronvent.ro\/en\/wp-json\/wp\/v2\/comments?post=190"}],"version-history":[{"count":4,"href":"https:\/\/kronvent.ro\/en\/wp-json\/wp\/v2\/pages\/190\/revisions"}],"predecessor-version":[{"id":553,"href":"https:\/\/kronvent.ro\/en\/wp-json\/wp\/v2\/pages\/190\/revisions\/553"}],"wp:attachment":[{"href":"https:\/\/kronvent.ro\/en\/wp-json\/wp\/v2\/media?parent=190"}],"curies":[{"name":"wp","href":"https:\/\/api.w.org\/{rel}","templated":true}]}}