{"id":1037,"date":"2023-02-09T11:59:00","date_gmt":"2023-02-09T11:59:00","guid":{"rendered":"https:\/\/kronvent.ro\/?page_id=1037"},"modified":"2023-09-11T06:21:31","modified_gmt":"2023-09-11T06:21:31","slug":"contacts","status":"publish","type":"page","link":"https:\/\/kronvent.ro\/en\/contacts\/","title":{"rendered":"Contacts"},"content":{"rendered":"<div class=\"wp-block-image is-style-rounded\"><figure class=\"aligncenter size-large\"><img decoding=\"async\" width=\"1024\" height=\"436\" src=\"https:\/\/kronvent.ro\/wp-content\/uploads\/2020\/02\/fabrica-1024x436.jpg\" alt=\"\" class=\"wp-image-168\" srcset=\"https:\/\/kronvent.ro\/wp-content\/uploads\/2020\/02\/fabrica-1024x436.jpg 1024w, https:\/\/kronvent.ro\/wp-content\/uploads\/2020\/02\/fabrica-300x128.jpg 300w, https:\/\/kronvent.ro\/wp-content\/uploads\/2020\/02\/fabrica-768x327.jpg 768w, https:\/\/kronvent.ro\/wp-content\/uploads\/2020\/02\/fabrica.jpg 1088w\" sizes=\"(max-width: 1024px) 100vw, 1024px\" \/><\/figure><\/div>\n\n\n\n<p class=\"has-text-align-center\" style=\"font-size:18px\">Hello and welcome to our contact page! We\u2019re thrilled that you\u2019ve taken the time to reach out to us. Whether you have a question, a concern, or just want to say hello, we\u2019re here to help. Our team is dedicated to providing you with the best possible experience, and we\u2019re committed to responding to your inquiries as quickly and thoroughly as possible. So please don\u2019t hesitate to get in touch with us.<\/p>\n\n\n\n<p class=\"has-text-align-center\" style=\"font-size:18px\"> Abia a\u0219tept\u0103m s\u0103 auzim de&nbsp;la&nbsp;tine!<\/p>\n\n\n\n<p class=\"has-medium-font-size\"><strong><em> Administrative department:<\/em><\/strong><\/p>\n\n\n\n<pre class=\"wp-block-verse\"><strong><font style=\"vertical-align: inherit;\"><font style=\"vertical-align: inherit;\">General manager<\/font><\/font><\/strong><font style=\"vertical-align: inherit;\"><font style=\"vertical-align: inherit;\"> - Varari Andrian<\/font><\/font>\nphone: <strong>+40 725 003 187<\/strong>\ne-mail: <strong>adrian@kronvent.ro<\/strong><\/pre>\n\n\n\n<p class=\"has-medium-font-size\"><strong><em>Sales department:<\/em><\/strong><\/p>\n\n\n\n<pre class=\"wp-block-verse\"><strong><font style=\"vertical-align: inherit;\"><font style=\"vertical-align: inherit;\">Responsible for the north-west area<\/font><\/font><\/strong><font style=\"vertical-align: inherit;\"><font style=\"vertical-align: inherit;\"> - Maria<\/font><\/font>n\nphone: <strong>+40 752 541 300<\/strong>\ne-mail: <strong>marian@kronvent.ro<\/strong> <\/pre>\n\n\n\n<pre class=\"wp-block-verse\"><strong><font style=\"vertical-align: inherit;\"><font style=\"vertical-align: inherit;\">Responsible for the northeast area<\/font><\/font><\/strong><font style=\"vertical-align: inherit;\"><font style=\"vertical-align: inherit;\"> - Marin<\/font><\/font>\nphone: <strong>+40 <\/strong> <strong>770 999 979<\/strong>\ne-mail: <strong>marin@kronvent.ro<\/strong><\/pre>\n\n\n\n<pre class=\"wp-block-verse\"><strong><font style=\"vertical-align: inherit;\"><font style=\"vertical-align: inherit;\">Responsible for the southern area<\/font><\/font><\/strong><font style=\"vertical-align: inherit;\"><font style=\"vertical-align: inherit;\"> - Claudiu<\/font><\/font>\nphone: <strong>+40 770 673 373<\/strong>\ne-mail: <strong>claudiu@kronvent.ro<\/strong><\/pre>\n\n\n\n<pre class=\"wp-block-verse\"><strong><font style=\"vertical-align: inherit;\"><font style=\"vertical-align: inherit;\">Responsible for the EU area<\/font><\/font><\/strong><font style=\"vertical-align: inherit;\"><font style=\"vertical-align: inherit;\"> - Arina<\/font><\/font>\nphone: <strong>+40 770 791 450<\/strong>\ne-mail: <strong>arina@kronvent.ro<\/strong><\/pre>\n\n\n\n<p class=\"has-medium-font-size\"><strong><em>Logistics department:<\/em><\/strong><\/p>\n\n\n\n<pre class=\"wp-block-verse\"><strong><font style=\"vertical-align: inherit;\"><font style=\"vertical-align: inherit;\">Responsible<\/font><\/font><\/strong><font style=\"vertical-align: inherit;\"><font style=\"vertical-align: inherit;\"> - Denisa<\/font><\/font>\nphone: <strong>+40 770 411 614<\/strong>\ne-mail: <strong>denisa@kronvent.ro<\/strong><\/pre>\n\n\n\n<p class=\"has-medium-font-size\"><strong><em>Financial department:<\/em><\/strong><\/p>\n\n\n\n<pre class=\"wp-block-verse\"><strong><font style=\"vertical-align: inherit;\"><font style=\"vertical-align: inherit;\">Responsible<\/font><\/font><\/strong><font style=\"vertical-align: inherit;\"><font style=\"vertical-align: inherit;\"> - Yulia<\/font><\/font>\ne-mail: <strong>financiar@kronvent.ro<\/strong><\/pre>","protected":false},"excerpt":{"rendered":"<p>Bun venit pe pagina noastr\u0103 de contact! Suntem \u00eenc\u00e2nta\u021bi c\u0103 ai ales s\u0103 ne contactezi. Fie c\u0103 ai o \u00eentrebare, o nel\u0103murire sau pur \u0219i simplu vrei s\u0103 ne salu\u021bi, suntem aici s\u0103 te ajut\u0103m. Echipa noastr\u0103 este dedicat\u0103 s\u0103 \u00ee\u021bi ofere cea mai bun\u0103 experien\u021b\u0103 \u0219i suntem hot\u0103r\u00e2\u021bi s\u0103 r\u0103spundem c\u00e2t mai rapid \u0219i [&hellip;]<\/p>","protected":false},"author":3,"featured_media":0,"parent":0,"menu_order":0,"comment_status":"closed","ping_status":"closed","template":"","meta":{"footnotes":""},"yoast_head":"<!-- This site is optimized with the Yoast SEO plugin v22.0 - https:\/\/yoast.com\/wordpress\/plugins\/seo\/ -->\n<title>Contact | Kronvent<\/title>\n<meta name=\"description\" content=\"KronVent contacts - we are waiting for your inquiries!\" \/>\n<meta name=\"robots\" content=\"index, follow, max-snippet:-1, max-image-preview:large, max-video-preview:-1\" \/>\n<link rel=\"canonical\" href=\"https:\/\/kronvent.ro\/en\/contacts\/\" \/>\n<meta property=\"og:locale\" content=\"en_US\" \/>\n<meta property=\"og:type\" content=\"article\" \/>\n<meta property=\"og:title\" content=\"Contact | Kronvent\" \/>\n<meta property=\"og:description\" content=\"KronVent contacts - we are waiting for your inquiries!\" \/>\n<meta property=\"og:url\" content=\"https:\/\/kronvent.ro\/en\/contacts\/\" \/>\n<meta property=\"og:site_name\" content=\"Kronvent\" \/>\n<meta property=\"article:modified_time\" content=\"2023-09-11T06:21:31+00:00\" \/>\n<meta property=\"og:image\" content=\"https:\/\/kronvent.ro\/wp-content\/uploads\/2020\/02\/fabrica-1024x436.jpg\" \/>\n<meta name=\"twitter:card\" content=\"summary_large_image\" \/>\n<meta name=\"twitter:label1\" content=\"Est. reading time\" \/>\n\t<meta name=\"twitter:data1\" content=\"1 minute\" \/>\n<script type=\"application\/ld+json\" class=\"yoast-schema-graph\">{\"@context\":\"https:\/\/schema.org\",\"@graph\":[{\"@type\":\"WebPage\",\"@id\":\"https:\/\/kronvent.ro\/contacts\/\",\"url\":\"https:\/\/kronvent.ro\/contacts\/\",\"name\":\"Contact | Kronvent\",\"isPartOf\":{\"@id\":\"https:\/\/kronvent.ro\/#website\"},\"datePublished\":\"2023-02-09T11:59:00+00:00\",\"dateModified\":\"2023-09-11T06:21:31+00:00\",\"description\":\"KronVent contacts - we are waiting for your inquiries!\",\"breadcrumb\":{\"@id\":\"https:\/\/kronvent.ro\/contacts\/#breadcrumb\"},\"inLanguage\":\"en-US\",\"potentialAction\":[{\"@type\":\"ReadAction\",\"target\":[\"https:\/\/kronvent.ro\/contacts\/\"]}]},{\"@type\":\"BreadcrumbList\",\"@id\":\"https:\/\/kronvent.ro\/contacts\/#breadcrumb\",\"itemListElement\":[{\"@type\":\"ListItem\",\"position\":1,\"name\":\"Prima pagin\u0103\",\"item\":\"https:\/\/kronvent.ro\/\"},{\"@type\":\"ListItem\",\"position\":2,\"name\":\"Contact\"}]},{\"@type\":\"WebSite\",\"@id\":\"https:\/\/kronvent.ro\/#website\",\"url\":\"https:\/\/kronvent.ro\/\",\"name\":\"Kronvent\",\"description\":\"Producator TUBULATUR\u0102 VENTILA\u021aIE din Bra\u015fov  cu o capacitate de p\u00e2n\u0103 la 25,000 de mp\/lun\u0103\",\"publisher\":{\"@id\":\"https:\/\/kronvent.ro\/#organization\"},\"potentialAction\":[{\"@type\":\"SearchAction\",\"target\":{\"@type\":\"EntryPoint\",\"urlTemplate\":\"https:\/\/kronvent.ro\/?s={search_term_string}\"},\"query-input\":\"required name=search_term_string\"}],\"inLanguage\":\"en-US\"},{\"@type\":\"Organization\",\"@id\":\"https:\/\/kronvent.ro\/#organization\",\"name\":\"Kronvent\",\"url\":\"https:\/\/kronvent.ro\/\",\"logo\":{\"@type\":\"ImageObject\",\"inLanguage\":\"en-US\",\"@id\":\"https:\/\/kronvent.ro\/#\/schema\/logo\/image\/\",\"url\":\"https:\/\/kronvent.ro\/wp-content\/uploads\/2020\/02\/logo.png\",\"contentUrl\":\"https:\/\/kronvent.ro\/wp-content\/uploads\/2020\/02\/logo.png\",\"width\":485,\"height\":82,\"caption\":\"Kronvent\"},\"image\":{\"@id\":\"https:\/\/kronvent.ro\/#\/schema\/logo\/image\/\"}}]}<\/script>\n<!-- \/ Yoast SEO plugin. -->","yoast_head_json":{"title":"Contact | Kronvent","description":"KronVent contacts - we are waiting for your inquiries!","robots":{"index":"index","follow":"follow","max-snippet":"max-snippet:-1","max-image-preview":"max-image-preview:large","max-video-preview":"max-video-preview:-1"},"canonical":"https:\/\/kronvent.ro\/en\/contacts\/","og_locale":"en_US","og_type":"article","og_title":"Contact | Kronvent","og_description":"KronVent contacts - we are waiting for your inquiries!","og_url":"https:\/\/kronvent.ro\/en\/contacts\/","og_site_name":"Kronvent","article_modified_time":"2023-09-11T06:21:31+00:00","og_image":[{"url":"https:\/\/kronvent.ro\/wp-content\/uploads\/2020\/02\/fabrica-1024x436.jpg"}],"twitter_card":"summary_large_image","twitter_misc":{"Est. reading time":"1 minute"},"schema":{"@context":"https:\/\/schema.org","@graph":[{"@type":"WebPage","@id":"https:\/\/kronvent.ro\/contacts\/","url":"https:\/\/kronvent.ro\/contacts\/","name":"Contact | Kronvent","isPartOf":{"@id":"https:\/\/kronvent.ro\/#website"},"datePublished":"2023-02-09T11:59:00+00:00","dateModified":"2023-09-11T06:21:31+00:00","description":"KronVent contacts - we are waiting for your inquiries!","breadcrumb":{"@id":"https:\/\/kronvent.ro\/contacts\/#breadcrumb"},"inLanguage":"en-US","potentialAction":[{"@type":"ReadAction","target":["https:\/\/kronvent.ro\/contacts\/"]}]},{"@type":"BreadcrumbList","@id":"https:\/\/kronvent.ro\/contacts\/#breadcrumb","itemListElement":[{"@type":"ListItem","position":1,"name":"Prima pagin\u0103","item":"https:\/\/kronvent.ro\/"},{"@type":"ListItem","position":2,"name":"Contact"}]},{"@type":"WebSite","@id":"https:\/\/kronvent.ro\/#website","url":"https:\/\/kronvent.ro\/","name":"Kronvent","description":"Producator TUBULATUR\u0102 VENTILA\u021aIE din Bra\u015fov  cu o capacitate de p\u00e2n\u0103 la 25,000 de mp\/lun\u0103","publisher":{"@id":"https:\/\/kronvent.ro\/#organization"},"potentialAction":[{"@type":"SearchAction","target":{"@type":"EntryPoint","urlTemplate":"https:\/\/kronvent.ro\/?s={search_term_string}"},"query-input":"required name=search_term_string"}],"inLanguage":"en-US"},{"@type":"Organization","@id":"https:\/\/kronvent.ro\/#organization","name":"Kronvent","url":"https:\/\/kronvent.ro\/","logo":{"@type":"ImageObject","inLanguage":"en-US","@id":"https:\/\/kronvent.ro\/#\/schema\/logo\/image\/","url":"https:\/\/kronvent.ro\/wp-content\/uploads\/2020\/02\/logo.png","contentUrl":"https:\/\/kronvent.ro\/wp-content\/uploads\/2020\/02\/logo.png","width":485,"height":82,"caption":"Kronvent"},"image":{"@id":"https:\/\/kronvent.ro\/#\/schema\/logo\/image\/"}}]}},"_links":{"self":[{"href":"https:\/\/kronvent.ro\/en\/wp-json\/wp\/v2\/pages\/1037"}],"collection":[{"href":"https:\/\/kronvent.ro\/en\/wp-json\/wp\/v2\/pages"}],"about":[{"href":"https:\/\/kronvent.ro\/en\/wp-json\/wp\/v2\/types\/page"}],"author":[{"embeddable":true,"href":"https:\/\/kronvent.ro\/en\/wp-json\/wp\/v2\/users\/3"}],"replies":[{"embeddable":true,"href":"https:\/\/kronvent.ro\/en\/wp-json\/wp\/v2\/comments?post=1037"}],"version-history":[{"count":16,"href":"https:\/\/kronvent.ro\/en\/wp-json\/wp\/v2\/pages\/1037\/revisions"}],"predecessor-version":[{"id":1066,"href":"https:\/\/kronvent.ro\/en\/wp-json\/wp\/v2\/pages\/1037\/revisions\/1066"}],"wp:attachment":[{"href":"https:\/\/kronvent.ro\/en\/wp-json\/wp\/v2\/media?parent=1037"}],"curies":[{"name":"wp","href":"https:\/\/api.w.org\/{rel}","templated":true}]}}